{"id":8,"date":"2026-05-12T18:26:10","date_gmt":"2026-05-12T18:26:10","guid":{"rendered":"http:\/\/vom-schaeferhof.ch\/?page_id=8"},"modified":"2026-05-12T19:57:59","modified_gmt":"2026-05-12T19:57:59","slug":"home","status":"publish","type":"page","link":"https:\/\/vom-schaeferhof.ch\/","title":{"rendered":"Home"},"content":{"rendered":"\n<h3 class=\"wp-block-heading\">Zwinger vom Sch\u00e4ferhof<\/h3>\n\n\n\n<p>Deutsche Sch\u00e4ferhunde mit Herz, Wesen und Tradition seit 1978.<\/p>\n\n\n\n<h3 class=\"wp-block-heading\">Willkommen beim Zwinger vom Sch\u00e4ferhof<\/h3>\n\n\n\n<p>Seit 1978 steht der Zwinger \u201evom Sch\u00e4ferhof\u201c f\u00fcr die verantwortungsvolle Zucht Deutscher Sch\u00e4ferhunde mit Charakter, Leistungsbereitschaft und famili\u00e4rem Wesen.<\/p>\n\n\n\n<p>Gegr\u00fcndet von Alfred und Beatrice F\u00e4ssler, wurde der Zuchtname \u00fcber Jahrzehnte mit Leidenschaft, Erfahrung und viel Herzblut aufgebaut. Heute d\u00fcrfen wir, Walter Manser und Alex St\u00e4rke diese Tradition weiterf\u00fchren und unter dem bekannten Zuchtnamen \u201evom Sch\u00e4ferhof\u201c ihre H\u00fcndin Tera vom Sch\u00e4ferhof zur Zucht einsetzen.<\/p>\n\n\n\n<p>Unser Ziel sind gesunde, nervenstarke und sozial ausgeglichene Hunde, f\u00fcr Familienhunde als auch im Hundesport.<\/p>\n","protected":false},"excerpt":{"rendered":"<p>Zwinger vom Sch\u00e4ferhof Deutsche Sch\u00e4ferhunde mit Herz, Wesen und Tradition seit 1978. Willkommen beim Zwinger vom Sch\u00e4ferhof Seit 1978 steht der Zwinger \u201evom Sch\u00e4ferhof\u201c f\u00fcr die verantwortungsvolle Zucht Deutscher Sch\u00e4ferhunde mit Charakter, Leistungsbereitschaft und famili\u00e4rem Wesen. Gegr\u00fcndet von Alfred und Beatrice F\u00e4ssler, wurde der Zuchtname \u00fcber Jahrzehnte mit Leidenschaft, Erfahrung und viel Herzblut aufgebaut. Heute [&hellip;]<\/p>\n","protected":false},"author":1,"featured_media":0,"parent":0,"menu_order":0,"comment_status":"closed","ping_status":"closed","template":"","meta":{"footnotes":""},"class_list":["post-8","page","type-page","status-publish","hentry"],"_links":{"self":[{"href":"https:\/\/vom-schaeferhof.ch\/index.php?rest_route=\/wp\/v2\/pages\/8","targetHints":{"allow":["GET"]}}],"collection":[{"href":"https:\/\/vom-schaeferhof.ch\/index.php?rest_route=\/wp\/v2\/pages"}],"about":[{"href":"https:\/\/vom-schaeferhof.ch\/index.php?rest_route=\/wp\/v2\/types\/page"}],"author":[{"embeddable":true,"href":"https:\/\/vom-schaeferhof.ch\/index.php?rest_route=\/wp\/v2\/users\/1"}],"replies":[{"embeddable":true,"href":"https:\/\/vom-schaeferhof.ch\/index.php?rest_route=%2Fwp%2Fv2%2Fcomments&post=8"}],"version-history":[{"count":3,"href":"https:\/\/vom-schaeferhof.ch\/index.php?rest_route=\/wp\/v2\/pages\/8\/revisions"}],"predecessor-version":[{"id":104,"href":"https:\/\/vom-schaeferhof.ch\/index.php?rest_route=\/wp\/v2\/pages\/8\/revisions\/104"}],"wp:attachment":[{"href":"https:\/\/vom-schaeferhof.ch\/index.php?rest_route=%2Fwp%2Fv2%2Fmedia&parent=8"}],"curies":[{"name":"wp","href":"https:\/\/api.w.org\/{rel}","templated":true}]}}