{"id":22,"date":"2026-05-12T18:57:26","date_gmt":"2026-05-12T18:57:26","guid":{"rendered":"http:\/\/vom-schaeferhof.ch\/?page_id=22"},"modified":"2026-05-12T20:22:17","modified_gmt":"2026-05-12T20:22:17","slug":"ueber-uns","status":"publish","type":"page","link":"https:\/\/vom-schaeferhof.ch\/?page_id=22","title":{"rendered":"\u00dcber uns"},"content":{"rendered":"\n<h2 class=\"wp-block-heading\">Tradition, Verantwortung und Leidenschaft<\/h2>\n\n\n\n<p>Der Zwinger vom Sch\u00e4ferhof blickt auf eine lange Geschichte in der Sch\u00e4ferhundezucht zur\u00fcck.<\/p>\n\n\n\n<p>Was 1978 mit Alfred und Beatrice F\u00e4ssler begann, entwickelte sich \u00fcber viele Jahre zu einer gesch\u00e4tzten und bekannten Zuchtst\u00e4tte f\u00fcr Deutsche Sch\u00e4ferhunde.<\/p>\n\n\n\n<p>Mit grosser Dankbarkeit d\u00fcrfen wir, Walter Manser und Alex St\u00e4rke, mit unserer Tera vom Sch\u00e4ferhof diese Tradition weiterf\u00fchren. Die Werte, die den Sch\u00e4ferhof seit Beginn gepr\u00e4gt haben, bleiben dabei dieselben:<\/p>\n\n\n\n<ul class=\"wp-block-list\">\n<li>Gesunde und wesensfeste Hunde<\/li>\n\n\n\n<li>Verantwortungsvolle Zucht<\/li>\n\n\n\n<li>Familienfreundlicher Charakter<\/li>\n\n\n\n<li>Arbeitsfreude und Leistungsbereitschaft<\/li>\n\n\n\n<li>Enge Bindung zwischen Mensch und Hund<\/li>\n<\/ul>\n\n\n\n<figure class=\"wp-block-image size-large\"><img loading=\"lazy\" decoding=\"async\" width=\"1024\" height=\"683\" src=\"http:\/\/vom-schaeferhof.ch\/wp-content\/uploads\/2026\/05\/IMG_0095-1024x683.jpg\" alt=\"\" class=\"wp-image-39\" srcset=\"https:\/\/vom-schaeferhof.ch\/wp-content\/uploads\/2026\/05\/IMG_0095-1024x683.jpg 1024w, https:\/\/vom-schaeferhof.ch\/wp-content\/uploads\/2026\/05\/IMG_0095-300x200.jpg 300w, https:\/\/vom-schaeferhof.ch\/wp-content\/uploads\/2026\/05\/IMG_0095-768x512.jpg 768w, https:\/\/vom-schaeferhof.ch\/wp-content\/uploads\/2026\/05\/IMG_0095-1536x1024.jpg 1536w, https:\/\/vom-schaeferhof.ch\/wp-content\/uploads\/2026\/05\/IMG_0095-2048x1365.jpg 2048w\" sizes=\"auto, (max-width: 1024px) 100vw, 1024px\" \/><\/figure>\n\n\n\n<h2 class=\"wp-block-heading\">Danksagung an Alfred &amp; Beatrice F\u00e4ssler<\/h2>\n\n\n\n<p>Ohne Alfred und Beatrice F\u00e4ssler g\u00e4be es den Sch\u00e4ferhof in dieser Form nicht.<\/p>\n\n\n\n<p>Mit jahrzehntelanger Erfahrung, Leidenschaft und Hingabe haben sie den Grundstein f\u00fcr die Zucht \u201evom Sch\u00e4ferhof\u201c gelegt und unz\u00e4hlige Menschen mit ihren Hunden begeistert.<\/p>\n\n\n\n<p>Wir bedanken uns von Herzen f\u00fcr das Vertrauen und die M\u00f6glichkeit, den traditionsreichen Zuchtnamen weiterf\u00fchren zu d\u00fcrfen.<\/p>\n","protected":false},"excerpt":{"rendered":"<p>Tradition, Verantwortung und Leidenschaft Der Zwinger vom Sch\u00e4ferhof blickt auf eine lange Geschichte in der Sch\u00e4ferhundezucht zur\u00fcck. Was 1978 mit Alfred und Beatrice F\u00e4ssler begann, entwickelte sich \u00fcber viele Jahre zu einer gesch\u00e4tzten und bekannten Zuchtst\u00e4tte f\u00fcr Deutsche Sch\u00e4ferhunde. Mit grosser Dankbarkeit d\u00fcrfen wir, Walter Manser und Alex St\u00e4rke, mit unserer Tera vom Sch\u00e4ferhof diese [&hellip;]<\/p>\n","protected":false},"author":1,"featured_media":0,"parent":0,"menu_order":0,"comment_status":"closed","ping_status":"closed","template":"","meta":{"footnotes":""},"class_list":["post-22","page","type-page","status-publish","hentry"],"_links":{"self":[{"href":"https:\/\/vom-schaeferhof.ch\/index.php?rest_route=\/wp\/v2\/pages\/22","targetHints":{"allow":["GET"]}}],"collection":[{"href":"https:\/\/vom-schaeferhof.ch\/index.php?rest_route=\/wp\/v2\/pages"}],"about":[{"href":"https:\/\/vom-schaeferhof.ch\/index.php?rest_route=\/wp\/v2\/types\/page"}],"author":[{"embeddable":true,"href":"https:\/\/vom-schaeferhof.ch\/index.php?rest_route=\/wp\/v2\/users\/1"}],"replies":[{"embeddable":true,"href":"https:\/\/vom-schaeferhof.ch\/index.php?rest_route=%2Fwp%2Fv2%2Fcomments&post=22"}],"version-history":[{"count":2,"href":"https:\/\/vom-schaeferhof.ch\/index.php?rest_route=\/wp\/v2\/pages\/22\/revisions"}],"predecessor-version":[{"id":118,"href":"https:\/\/vom-schaeferhof.ch\/index.php?rest_route=\/wp\/v2\/pages\/22\/revisions\/118"}],"wp:attachment":[{"href":"https:\/\/vom-schaeferhof.ch\/index.php?rest_route=%2Fwp%2Fv2%2Fmedia&parent=22"}],"curies":[{"name":"wp","href":"https:\/\/api.w.org\/{rel}","templated":true}]}}