{"id":114,"date":"2026-05-12T20:21:16","date_gmt":"2026-05-12T20:21:16","guid":{"rendered":"http:\/\/vom-schaeferhof.ch\/?page_id=114"},"modified":"2026-05-12T21:04:02","modified_gmt":"2026-05-12T21:04:02","slug":"wuerfe","status":"publish","type":"page","link":"https:\/\/vom-schaeferhof.ch\/?page_id=114","title":{"rendered":"W\u00fcrfe"},"content":{"rendered":"\n<h2 class=\"wp-block-heading\">Wurfplanung 2026<\/h2>\n\n\n\n<p>F\u00fcr Sommer 2026 ist unser n\u00e4chster Wurf geplant.<\/p>\n\n\n\n<h3 class=\"wp-block-heading\">Verpaarung<\/h3>\n\n\n\n<p>Hercules vom Glockenbrink x Tera vom Sch\u00e4ferhof<\/p>\n\n\n\n<div class=\"wp-block-columns is-layout-flex wp-container-core-columns-is-layout-28f84493 wp-block-columns-is-layout-flex\">\n<div class=\"wp-block-column is-layout-flow wp-block-column-is-layout-flow\">\n<figure class=\"wp-block-image size-large\"><img loading=\"lazy\" decoding=\"async\" width=\"1024\" height=\"683\" src=\"http:\/\/vom-schaeferhof.ch\/wp-content\/uploads\/2026\/05\/ceab500e-b3a7-469c-9dba-bc1b311db700-1024x683.jpg\" alt=\"\" class=\"wp-image-115\" srcset=\"https:\/\/vom-schaeferhof.ch\/wp-content\/uploads\/2026\/05\/ceab500e-b3a7-469c-9dba-bc1b311db700-1024x683.jpg 1024w, https:\/\/vom-schaeferhof.ch\/wp-content\/uploads\/2026\/05\/ceab500e-b3a7-469c-9dba-bc1b311db700-300x200.jpg 300w, https:\/\/vom-schaeferhof.ch\/wp-content\/uploads\/2026\/05\/ceab500e-b3a7-469c-9dba-bc1b311db700-768x512.jpg 768w, https:\/\/vom-schaeferhof.ch\/wp-content\/uploads\/2026\/05\/ceab500e-b3a7-469c-9dba-bc1b311db700-1536x1024.jpg 1536w, https:\/\/vom-schaeferhof.ch\/wp-content\/uploads\/2026\/05\/ceab500e-b3a7-469c-9dba-bc1b311db700.jpg 2048w\" sizes=\"auto, (max-width: 1024px) 100vw, 1024px\" \/><\/figure>\n<\/div>\n\n\n\n<div class=\"wp-block-column is-layout-flow wp-block-column-is-layout-flow\">\n<figure class=\"wp-block-image size-large\"><img loading=\"lazy\" decoding=\"async\" width=\"1024\" height=\"683\" src=\"http:\/\/vom-schaeferhof.ch\/wp-content\/uploads\/2026\/05\/IMG_0045-1024x683.jpg\" alt=\"\" class=\"wp-image-29\" srcset=\"https:\/\/vom-schaeferhof.ch\/wp-content\/uploads\/2026\/05\/IMG_0045-1024x683.jpg 1024w, https:\/\/vom-schaeferhof.ch\/wp-content\/uploads\/2026\/05\/IMG_0045-300x200.jpg 300w, https:\/\/vom-schaeferhof.ch\/wp-content\/uploads\/2026\/05\/IMG_0045-768x512.jpg 768w, https:\/\/vom-schaeferhof.ch\/wp-content\/uploads\/2026\/05\/IMG_0045-1536x1024.jpg 1536w, https:\/\/vom-schaeferhof.ch\/wp-content\/uploads\/2026\/05\/IMG_0045-2048x1365.jpg 2048w\" sizes=\"auto, (max-width: 1024px) 100vw, 1024px\" \/><\/figure>\n<\/div>\n<\/div>\n\n\n\n<p>Der Decktag fand am 31.03.2026 statt &#8211; Tera ist tragend.<\/p>\n\n\n\n<p><br>Die Welpen werden Anfang Juni 2026 erwartet.<\/p>\n\n\n\n<p>Wir erwarten leistungsbereite, wesensstarke und familienfreundliche Deutsche Sch\u00e4ferhunde mit hoher Arbeitsfreude und stabilem Charakter.<\/p>\n\n\n\n<p>Bei Interesse an einem Welpen freuen wir uns \u00fcber eine fr\u00fchzeitige Kontaktaufnahme.<\/p>\n\n\n\n<p>Walter Manser<br>+41 78 763 05 21<\/p>\n\n\n\n<p>Alex St\u00e4rkle<br>+41 79 433 99 62<\/p>\n","protected":false},"excerpt":{"rendered":"<p>Wurfplanung 2026 F\u00fcr Sommer 2026 ist unser n\u00e4chster Wurf geplant. Verpaarung Hercules vom Glockenbrink x Tera vom Sch\u00e4ferhof Der Decktag fand am 31.03.2026 statt &#8211; Tera ist tragend. Die Welpen werden Anfang Juni 2026 erwartet. Wir erwarten leistungsbereite, wesensstarke und familienfreundliche Deutsche Sch\u00e4ferhunde mit hoher Arbeitsfreude und stabilem Charakter. Bei Interesse an einem Welpen freuen [&hellip;]<\/p>\n","protected":false},"author":1,"featured_media":0,"parent":0,"menu_order":0,"comment_status":"closed","ping_status":"closed","template":"","meta":{"footnotes":""},"class_list":["post-114","page","type-page","status-publish","hentry"],"_links":{"self":[{"href":"https:\/\/vom-schaeferhof.ch\/index.php?rest_route=\/wp\/v2\/pages\/114","targetHints":{"allow":["GET"]}}],"collection":[{"href":"https:\/\/vom-schaeferhof.ch\/index.php?rest_route=\/wp\/v2\/pages"}],"about":[{"href":"https:\/\/vom-schaeferhof.ch\/index.php?rest_route=\/wp\/v2\/types\/page"}],"author":[{"embeddable":true,"href":"https:\/\/vom-schaeferhof.ch\/index.php?rest_route=\/wp\/v2\/users\/1"}],"replies":[{"embeddable":true,"href":"https:\/\/vom-schaeferhof.ch\/index.php?rest_route=%2Fwp%2Fv2%2Fcomments&post=114"}],"version-history":[{"count":2,"href":"https:\/\/vom-schaeferhof.ch\/index.php?rest_route=\/wp\/v2\/pages\/114\/revisions"}],"predecessor-version":[{"id":122,"href":"https:\/\/vom-schaeferhof.ch\/index.php?rest_route=\/wp\/v2\/pages\/114\/revisions\/122"}],"wp:attachment":[{"href":"https:\/\/vom-schaeferhof.ch\/index.php?rest_route=%2Fwp%2Fv2%2Fmedia&parent=114"}],"curies":[{"name":"wp","href":"https:\/\/api.w.org\/{rel}","templated":true}]}}